{"id":221,"date":"2024-11-27T21:15:53","date_gmt":"2024-11-28T00:15:53","guid":{"rendered":"https:\/\/mercuryit.com.br\/?page_id=221"},"modified":"2025-07-16T06:47:27","modified_gmt":"2025-07-16T09:47:27","slug":"data-analytics","status":"publish","type":"page","link":"https:\/\/mercuryit.com.br\/?page_id=221","title":{"rendered":"Data &amp; Analytics"},"content":{"rendered":"<style>.elementor-221 .elementor-element.elementor-element-22495f68{--display:flex;--min-height:400px;--flex-direction:row;--container-widget-width:initial;--container-widget-height:100%;--container-widget-flex-grow:1;--container-widget-align-self:stretch;--flex-wrap-mobile:wrap;--gap:0px 0px;--row-gap:0px;--column-gap:0px;--overlay-opacity:0.5;--margin-top:0px;--margin-bottom:0px;--margin-left:0px;--margin-right:0px;--padding-top:100px;--padding-bottom:100px;--padding-left:0px;--padding-right:0px;}.elementor-221 .elementor-element.elementor-element-22495f68:not(.elementor-motion-effects-element-type-background), .elementor-221 .elementor-element.elementor-element-22495f68 > .elementor-motion-effects-container > .elementor-motion-effects-layer{background-color:#58050F;}.elementor-221 .elementor-element.elementor-element-22495f68::before, .elementor-221 .elementor-element.elementor-element-22495f68 > .elementor-background-video-container::before, .elementor-221 .elementor-element.elementor-element-22495f68 > .e-con-inner > .elementor-background-video-container::before, .elementor-221 .elementor-element.elementor-element-22495f68 > .elementor-background-slideshow::before, .elementor-221 .elementor-element.elementor-element-22495f68 > .e-con-inner > .elementor-background-slideshow::before, .elementor-221 .elementor-element.elementor-element-22495f68 > .elementor-motion-effects-container > .elementor-motion-effects-layer::before{background-image:url(\"https:\/\/mercuryit.com.br\/wp-content\/uploads\/2024\/11\/12446.jpg\");--background-overlay:'';}.elementor-221 .elementor-element.elementor-element-370fed59{--display:flex;--flex-direction:column;--container-widget-width:100%;--container-widget-height:initial;--container-widget-flex-grow:0;--container-widget-align-self:initial;--flex-wrap-mobile:wrap;--gap:0px 0px;--row-gap:0px;--column-gap:0px;--margin-top:0px;--margin-bottom:0px;--margin-left:0px;--margin-right:0px;--padding-top:0px;--padding-bottom:0px;--padding-left:0px;--padding-right:0px;}.elementor-221 .elementor-element.elementor-element-1ef3ca61 > .elementor-widget-container{margin:0px 0px 0px 0px;padding:0px 250px 0px 250px;}.elementor-221 .elementor-element.elementor-element-1ef3ca61 .jeg-elementor-kit.jkit-heading{text-align:center;}.elementor-221 .elementor-element.elementor-element-1ef3ca61 .jeg-elementor-kit.jkit-heading .heading-title{font-family:var( --e-global-typography-a35825e-font-family ), Sans-serif;font-size:var( --e-global-typography-a35825e-font-size );font-weight:var( --e-global-typography-a35825e-font-weight );text-transform:var( --e-global-typography-a35825e-text-transform );text-decoration:var( --e-global-typography-a35825e-text-decoration );line-height:var( --e-global-typography-a35825e-line-height );color:#FFFFFF;}.elementor-221 .elementor-element.elementor-element-1ef3ca61 .jeg-elementor-kit.jkit-heading .heading-section-title{margin:0px 0px 0px 0px;}.elementor-221 .elementor-element.elementor-element-1ef3ca61 .jeg-elementor-kit.jkit-heading .heading-section-title .heading-title{padding:0px 0px 0px 0px;border-radius:0px 0px 0px 0px;}.elementor-221 .elementor-element.elementor-element-1ef3ca61 .jeg-elementor-kit.jkit-heading .heading-title > span{color:var( --e-global-color-primary );font-family:var( --e-global-typography-a35825e-font-family ), Sans-serif;font-size:var( --e-global-typography-a35825e-font-size );font-weight:var( --e-global-typography-a35825e-font-weight );text-transform:var( --e-global-typography-a35825e-text-transform );text-decoration:var( --e-global-typography-a35825e-text-decoration );line-height:var( --e-global-typography-a35825e-line-height );}.elementor-221 .elementor-element.elementor-element-21c0a4c9{--display:flex;--flex-direction:row;--container-widget-width:initial;--container-widget-height:100%;--container-widget-flex-grow:1;--container-widget-align-self:stretch;--flex-wrap-mobile:wrap;--gap:0px 0px;--row-gap:0px;--column-gap:0px;--margin-top:0px;--margin-bottom:0px;--margin-left:0px;--margin-right:0px;--padding-top:0px;--padding-bottom:0px;--padding-left:0px;--padding-right:0px;}.elementor-221 .elementor-element.elementor-element-1bf39578{--display:flex;--flex-direction:column;--container-widget-width:100%;--container-widget-height:initial;--container-widget-flex-grow:0;--container-widget-align-self:initial;--flex-wrap-mobile:wrap;--gap:0px 0px;--row-gap:0px;--column-gap:0px;--margin-top:0px;--margin-bottom:0px;--margin-left:0px;--margin-right:0px;--padding-top:0px;--padding-bottom:0px;--padding-left:0px;--padding-right:0px;}.elementor-221 .elementor-element.elementor-element-132db982 > .elementor-widget-container{margin:0px 0px 0px 0px;padding:0px 0px 0px 0px;}body:not(.rtl) .elementor-221 .elementor-element.elementor-element-132db982{left:0px;}body.rtl .elementor-221 .elementor-element.elementor-element-132db982{right:0px;}.elementor-221 .elementor-element.elementor-element-132db982{top:-100px;text-align:left;}.elementor-221 .elementor-element.elementor-element-132db982 img{filter:brightness( 100% ) contrast( 100% ) saturate( 89% ) blur( 0px ) hue-rotate( 97deg );}.elementor-221 .elementor-element.elementor-element-20f8f384 > .elementor-widget-container{margin:0px 0px 0px 0px;padding:0px 0px 0px 0px;}body:not(.rtl) .elementor-221 .elementor-element.elementor-element-20f8f384{right:0px;}body.rtl .elementor-221 .elementor-element.elementor-element-20f8f384{left:0px;}.elementor-221 .elementor-element.elementor-element-20f8f384{top:-270px;text-align:right;}.elementor-221 .elementor-element.elementor-element-a73e0d9{--display:flex;--flex-direction:row;--container-widget-width:initial;--container-widget-height:100%;--container-widget-flex-grow:1;--container-widget-align-self:stretch;--flex-wrap-mobile:wrap;--gap:0px 0px;--row-gap:0px;--column-gap:0px;--margin-top:0px;--margin-bottom:0px;--margin-left:0px;--margin-right:0px;--padding-top:60px;--padding-bottom:60px;--padding-left:0px;--padding-right:0px;}.elementor-221 .elementor-element.elementor-element-9b55cc4{--display:flex;--flex-direction:column;--container-widget-width:100%;--container-widget-height:initial;--container-widget-flex-grow:0;--container-widget-align-self:initial;--flex-wrap-mobile:wrap;--justify-content:center;--gap:0px 0px;--row-gap:0px;--column-gap:0px;--margin-top:0px;--margin-bottom:0px;--margin-left:0px;--margin-right:0px;--padding-top:0px;--padding-bottom:0px;--padding-left:20px;--padding-right:50px;}.elementor-221 .elementor-element.elementor-element-c2e415f{width:var( --container-widget-width, 81% );max-width:81%;--container-widget-width:81%;--container-widget-flex-grow:0;}.elementor-221 .elementor-element.elementor-element-c2e415f > .elementor-widget-container{margin:0px 0px 0px 0px;padding:0px 0px 0px 0px;}.elementor-221 .elementor-element.elementor-element-c2e415f.elementor-element{--align-self:flex-start;}.elementor-221 .elementor-element.elementor-element-c2e415f .jeg-elementor-kit.jkit-heading{text-align:left;}.elementor-221 .elementor-element.elementor-element-c2e415f .jeg-elementor-kit.jkit-heading .heading-title{font-family:\"Lato\", Sans-serif;font-size:38px;font-weight:700;text-transform:none;text-decoration:none;line-height:48px;color:#252525;}.elementor-221 .elementor-element.elementor-element-c2e415f .jeg-elementor-kit.jkit-heading .heading-section-title{margin:0px 0px 0px 0px;}.elementor-221 .elementor-element.elementor-element-c2e415f .jeg-elementor-kit.jkit-heading .heading-section-title .heading-title{padding:0px 0px 0px 0px;border-radius:0px 0px 0px 0px;}.elementor-221 .elementor-element.elementor-element-c2e415f .jeg-elementor-kit.jkit-heading .heading-title > span{color:var( --e-global-color-primary );font-family:var( --e-global-typography-a35825e-font-family ), Sans-serif;font-size:var( --e-global-typography-a35825e-font-size );font-weight:var( --e-global-typography-a35825e-font-weight );text-transform:var( --e-global-typography-a35825e-text-transform );text-decoration:var( --e-global-typography-a35825e-text-decoration );line-height:var( --e-global-typography-a35825e-line-height );padding:0px 0px 0px 0px;}.elementor-221 .elementor-element.elementor-element-8c26b18{width:var( --container-widget-width, 100% );max-width:100%;--container-widget-width:100%;--container-widget-flex-grow:0;text-align:left;}.elementor-221 .elementor-element.elementor-element-8c26b18 > .elementor-widget-container{margin:0px 0px 0px 0px;padding:0px 0px 30px 0px;}.elementor-221 .elementor-element.elementor-element-c78e5f7{--display:flex;--flex-direction:column;--container-widget-width:100%;--container-widget-height:initial;--container-widget-flex-grow:0;--container-widget-align-self:initial;--flex-wrap-mobile:wrap;--justify-content:center;--gap:0px 0px;--row-gap:0px;--column-gap:0px;--margin-top:0px;--margin-bottom:0px;--margin-left:0px;--margin-right:0px;--padding-top:0px;--padding-bottom:0px;--padding-left:20px;--padding-right:0px;}.elementor-221 .elementor-element.elementor-element-6c763c2 > .elementor-widget-container{margin:0px 0px 0px 0px;padding:0px 0px 0px 0px;}.elementor-221 .elementor-element.elementor-element-6c763c2{text-align:right;}.elementor-221 .elementor-element.elementor-element-6c763c2 img{width:100%;height:313px;object-fit:cover;object-position:center center;border-radius:12px 12px 12px 12px;}@media(min-width:768px){.elementor-221 .elementor-element.elementor-element-370fed59{--width:100%;}.elementor-221 .elementor-element.elementor-element-1bf39578{--width:100%;}.elementor-221 .elementor-element.elementor-element-9b55cc4{--width:68%;}.elementor-221 .elementor-element.elementor-element-c78e5f7{--width:46%;}}@media(max-width:1024px){.elementor-221 .elementor-element.elementor-element-22495f68{--margin-top:0px;--margin-bottom:0px;--margin-left:0px;--margin-right:0px;--padding-top:70px;--padding-bottom:70px;--padding-left:20px;--padding-right:20px;}.elementor-221 .elementor-element.elementor-element-1ef3ca61 > .elementor-widget-container{margin:0px 0px 0px 0px;padding:0px 80px 0px 80px;}.elementor-221 .elementor-element.elementor-element-1ef3ca61 .jeg-elementor-kit.jkit-heading .heading-title{font-size:var( --e-global-typography-a35825e-font-size );line-height:var( --e-global-typography-a35825e-line-height );}.elementor-221 .elementor-element.elementor-element-1ef3ca61 .jeg-elementor-kit.jkit-heading .heading-title > span{font-size:var( --e-global-typography-a35825e-font-size );line-height:var( --e-global-typography-a35825e-line-height );}.elementor-221 .elementor-element.elementor-element-21c0a4c9{--margin-top:0px;--margin-bottom:0px;--margin-left:0px;--margin-right:0px;--padding-top:0px;--padding-bottom:0px;--padding-left:20px;--padding-right:20px;}.elementor-221 .elementor-element.elementor-element-a73e0d9{--margin-top:0px;--margin-bottom:0px;--margin-left:0px;--margin-right:0px;--padding-top:0px;--padding-bottom:70px;--padding-left:20px;--padding-right:20px;}.elementor-221 .elementor-element.elementor-element-c2e415f > .elementor-widget-container{padding:0px 90px 0px 90px;}.elementor-221 .elementor-element.elementor-element-c2e415f .jeg-elementor-kit.jkit-heading .heading-title{font-size:50px;line-height:62px;}.elementor-221 .elementor-element.elementor-element-c2e415f .jeg-elementor-kit.jkit-heading .heading-title > span{font-size:var( --e-global-typography-a35825e-font-size );line-height:var( --e-global-typography-a35825e-line-height );}.elementor-221 .elementor-element.elementor-element-8c26b18 > .elementor-widget-container{margin:0px 0px 0px 0px;padding:0px 0px 0px 0px;}.elementor-221 .elementor-element.elementor-element-6c763c2 > .elementor-widget-container{margin:0px 0px 0px 0px;padding:0px 0px 0px 60px;}}@media(max-width:767px){.elementor-221 .elementor-element.elementor-element-22495f68{--min-height:220px;--margin-top:0px;--margin-bottom:0px;--margin-left:0px;--margin-right:0px;--padding-top:30px;--padding-bottom:35px;--padding-left:20px;--padding-right:20px;}.elementor-221 .elementor-element.elementor-element-1ef3ca61 > .elementor-widget-container{padding:0px 0px 0px 0px;}.elementor-221 .elementor-element.elementor-element-1ef3ca61 .jeg-elementor-kit.jkit-heading .heading-title{font-size:var( --e-global-typography-a35825e-font-size );line-height:var( --e-global-typography-a35825e-line-height );}.elementor-221 .elementor-element.elementor-element-1ef3ca61 .jeg-elementor-kit.jkit-heading .heading-title > span{font-size:var( --e-global-typography-a35825e-font-size );line-height:var( --e-global-typography-a35825e-line-height );}.elementor-221 .elementor-element.elementor-element-21c0a4c9{--margin-top:0px;--margin-bottom:0px;--margin-left:0px;--margin-right:0px;--padding-top:0px;--padding-bottom:0px;--padding-left:20px;--padding-right:20px;}.elementor-221 .elementor-element.elementor-element-a73e0d9{--flex-direction:row-reverse;--container-widget-width:initial;--container-widget-height:100%;--container-widget-flex-grow:1;--container-widget-align-self:stretch;--flex-wrap-mobile:wrap-reverse;--margin-top:0px;--margin-bottom:0px;--margin-left:0px;--margin-right:0px;--padding-top:0px;--padding-bottom:30px;--padding-left:20px;--padding-right:20px;}.elementor-221 .elementor-element.elementor-element-9b55cc4{--padding-top:20px;--padding-bottom:0px;--padding-left:0px;--padding-right:0px;}.elementor-221 .elementor-element.elementor-element-c2e415f > .elementor-widget-container{padding:0px 0px 0px 0px;}.elementor-221 .elementor-element.elementor-element-c2e415f{--container-widget-width:100%;--container-widget-flex-grow:0;width:var( --container-widget-width, 100% );max-width:100%;}.elementor-221 .elementor-element.elementor-element-c2e415f .jeg-elementor-kit.jkit-heading .heading-title{font-size:23px;line-height:28px;}.elementor-221 .elementor-element.elementor-element-c2e415f .jeg-elementor-kit.jkit-heading .heading-title > span{font-size:var( --e-global-typography-a35825e-font-size );line-height:var( --e-global-typography-a35825e-line-height );}.elementor-221 .elementor-element.elementor-element-8c26b18 > .elementor-widget-container{margin:0px 0px 40px 0px;}.elementor-221 .elementor-element.elementor-element-8c26b18{text-align:left;}.elementor-221 .elementor-element.elementor-element-c78e5f7{--margin-top:50px;--margin-bottom:0px;--margin-left:0px;--margin-right:0px;--padding-top:0px;--padding-bottom:0px;--padding-left:0px;--padding-right:0px;}.elementor-221 .elementor-element.elementor-element-6c763c2 > .elementor-widget-container{padding:0px 0px 0px 0px;}.elementor-221 .elementor-element.elementor-element-6c763c2 img{height:206px;}}<\/style>\t\t<div data-elementor-type=\"wp-page\" data-elementor-id=\"221\" class=\"elementor elementor-221\" data-elementor-settings=\"{&quot;ha_cmc_init_switcher&quot;:&quot;no&quot;}\" data-elementor-post-type=\"page\">\n\t\t\t\t<div class=\"elementor-element elementor-element-22495f68 e-flex e-con-boxed e-con e-parent\" data-id=\"22495f68\" data-element_type=\"container\" data-settings=\"{&quot;background_background&quot;:&quot;classic&quot;,&quot;_ha_eqh_enable&quot;:false}\">\n\t\t\t\t\t<div class=\"e-con-inner\">\n\t\t<div class=\"elementor-element elementor-element-370fed59 e-con-full e-flex e-con e-child\" data-id=\"370fed59\" data-element_type=\"container\" data-settings=\"{&quot;_ha_eqh_enable&quot;:false}\">\n\t\t\t\t<div class=\"elementor-element elementor-element-1ef3ca61 exad-sticky-section-no exad-glass-effect-no elementor-widget elementor-widget-jkit_heading\" data-id=\"1ef3ca61\" data-element_type=\"widget\" data-widget_type=\"jkit_heading.default\">\n\t\t\t\t<div class=\"elementor-widget-container\">\n\t\t\t\t\t<div  class=\"jeg-elementor-kit jkit-heading  align-center align-tablet- align-mobile- jeg_module___69eb4cb35289c\" ><div class=\"heading-section-title  display-inline-block\"><h2 class=\"heading-title\">Data &amp; Analytics<\/h2><\/div><\/div>\t\t\t\t<\/div>\n\t\t\t\t<\/div>\n\t\t\t\t<\/div>\n\t\t\t\t\t<\/div>\n\t\t\t\t<\/div>\n\t\t<div class=\"elementor-element elementor-element-21c0a4c9 e-con-full e-flex e-con e-parent\" data-id=\"21c0a4c9\" data-element_type=\"container\" data-settings=\"{&quot;_ha_eqh_enable&quot;:false}\">\n\t\t<div class=\"elementor-element elementor-element-1bf39578 e-con-full e-flex e-con e-child\" data-id=\"1bf39578\" data-element_type=\"container\" data-settings=\"{&quot;_ha_eqh_enable&quot;:false}\">\n\t\t\t\t<div class=\"elementor-element elementor-element-132db982 elementor-absolute elementor-hidden-tablet elementor-hidden-mobile exad-sticky-section-no exad-glass-effect-no elementor-widget elementor-widget-image\" data-id=\"132db982\" data-element_type=\"widget\" data-settings=\"{&quot;_position&quot;:&quot;absolute&quot;}\" data-widget_type=\"image.default\">\n\t\t\t\t<div class=\"elementor-widget-container\">\n\t\t\t\t\t\t\t\t\t\t\t\t\t\t\t<img decoding=\"async\" width=\"77\" height=\"211\" src=\"https:\/\/mercuryit.com.br\/wp-content\/uploads\/2024\/11\/Ellipse-8.png\" class=\"attachment-full size-full wp-image-31\" alt=\"\" \/>\t\t\t\t\t\t\t\t\t\t\t\t\t\t\t<\/div>\n\t\t\t\t<\/div>\n\t\t\t\t<div class=\"elementor-element elementor-element-20f8f384 elementor-absolute elementor-hidden-tablet elementor-hidden-mobile exad-sticky-section-no exad-glass-effect-no elementor-widget elementor-widget-image\" data-id=\"20f8f384\" data-element_type=\"widget\" data-settings=\"{&quot;_position&quot;:&quot;absolute&quot;}\" data-widget_type=\"image.default\">\n\t\t\t\t<div class=\"elementor-widget-container\">\n\t\t\t\t\t\t\t\t\t\t\t\t\t\t\t<img decoding=\"async\" width=\"75\" height=\"211\" src=\"https:\/\/mercuryit.com.br\/wp-content\/uploads\/2024\/11\/Ellipse-7.png\" class=\"attachment-full size-full wp-image-28\" alt=\"\" \/>\t\t\t\t\t\t\t\t\t\t\t\t\t\t\t<\/div>\n\t\t\t\t<\/div>\n\t\t\t\t<\/div>\n\t\t\t\t<\/div>\n\t\t<div class=\"elementor-element elementor-element-a73e0d9 e-flex e-con-boxed e-con e-parent\" data-id=\"a73e0d9\" data-element_type=\"container\" data-settings=\"{&quot;_ha_eqh_enable&quot;:false}\">\n\t\t\t\t\t<div class=\"e-con-inner\">\n\t\t<div class=\"elementor-element elementor-element-9b55cc4 e-con-full e-flex e-con e-child\" data-id=\"9b55cc4\" data-element_type=\"container\" data-settings=\"{&quot;_ha_eqh_enable&quot;:false}\">\n\t\t\t\t<div class=\"elementor-element elementor-element-c2e415f elementor-widget__width-initial exad-sticky-section-no exad-glass-effect-no elementor-widget elementor-widget-jkit_heading\" data-id=\"c2e415f\" data-element_type=\"widget\" data-widget_type=\"jkit_heading.default\">\n\t\t\t\t<div class=\"elementor-widget-container\">\n\t\t\t\t\t<div  class=\"jeg-elementor-kit jkit-heading  align- align-tablet- align-mobile- jeg_module__1_69eb4cb352e34\" ><div class=\"heading-section-title  display-inline-block\"><h2 class=\"heading-title\">Data &amp; Analytics<\/h2><\/div><\/div>\t\t\t\t<\/div>\n\t\t\t\t<\/div>\n\t\t\t\t<div class=\"elementor-element elementor-element-8c26b18 elementor-widget__width-initial exad-sticky-section-no exad-glass-effect-no elementor-widget elementor-widget-text-editor\" data-id=\"8c26b18\" data-element_type=\"widget\" data-widget_type=\"text-editor.default\">\n\t\t\t\t<div class=\"elementor-widget-container\">\n\t\t\t\t\t\t\t\t\t+ Data &#038; Analytics envolve o uso estrat\u00e9gico de dados para gerar insights valiosos e apoiar a tomada de decis\u00f5es nas empresas. Os servi\u00e7os incluem\u202fcoleta, organiza\u00e7\u00e3o e an\u00e1lise de dados, cria\u00e7\u00e3o de dashboards e relat\u00f3rios personalizados, implementa\u00e7\u00e3o de solu\u00e7\u00f5es de Business Intelligence (BI), modelagem preditiva, ci\u00eancia de dados, integra\u00e7\u00e3o de fontes diversas, al\u00e9m de consultoria para gest\u00e3o, qualidade e governan\u00e7a dos dados.\n\t\t\t\t\t\t\t\t<\/div>\n\t\t\t\t<\/div>\n\t\t\t\t<\/div>\n\t\t<div class=\"elementor-element elementor-element-c78e5f7 e-con-full e-flex e-con e-child\" data-id=\"c78e5f7\" data-element_type=\"container\" data-settings=\"{&quot;_ha_eqh_enable&quot;:false}\">\n\t\t\t\t<div class=\"elementor-element elementor-element-6c763c2 exad-sticky-section-no exad-glass-effect-no elementor-widget elementor-widget-image\" data-id=\"6c763c2\" data-element_type=\"widget\" data-widget_type=\"image.default\">\n\t\t\t\t<div class=\"elementor-widget-container\">\n\t\t\t\t\t\t\t\t\t\t\t\t\t\t\t<img fetchpriority=\"high\" decoding=\"async\" width=\"1000\" height=\"667\" src=\"https:\/\/mercuryit.com.br\/wp-content\/uploads\/2024\/12\/248244.jpg\" class=\"elementor-animation-bob attachment-full size-full wp-image-496\" alt=\"\" srcset=\"https:\/\/mercuryit.com.br\/wp-content\/uploads\/2024\/12\/248244.jpg 1000w, https:\/\/mercuryit.com.br\/wp-content\/uploads\/2024\/12\/248244-300x200.jpg 300w, https:\/\/mercuryit.com.br\/wp-content\/uploads\/2024\/12\/248244-768x512.jpg 768w\" sizes=\"(max-width: 1000px) 100vw, 1000px\" \/>\t\t\t\t\t\t\t\t\t\t\t\t\t\t\t<\/div>\n\t\t\t\t<\/div>\n\t\t\t\t<\/div>\n\t\t\t\t\t<\/div>\n\t\t\t\t<\/div>\n\t\t\t\t<\/div>\n\t\t","protected":false},"excerpt":{"rendered":"<p>Data &amp; Analytics Data &amp; Analytics + Data &#038; Analytics envolve o uso estrat\u00e9gico de dados para gerar insights valiosos e apoiar a tomada de decis\u00f5es nas empresas. Os servi\u00e7os incluem\u202fcoleta, organiza\u00e7\u00e3o e an\u00e1lise de dados, cria\u00e7\u00e3o de dashboards e relat\u00f3rios personalizados, implementa\u00e7\u00e3o de solu\u00e7\u00f5es de Business Intelligence (BI), modelagem preditiva, ci\u00eancia de dados, integra\u00e7\u00e3o [&hellip;]<\/p>\n","protected":false},"author":1,"featured_media":0,"parent":0,"menu_order":0,"comment_status":"closed","ping_status":"closed","template":"elementor_header_footer","meta":{"footnotes":""},"class_list":["post-221","page","type-page","status-publish","hentry"],"_links":{"self":[{"href":"https:\/\/mercuryit.com.br\/index.php?rest_route=\/wp\/v2\/pages\/221","targetHints":{"allow":["GET"]}}],"collection":[{"href":"https:\/\/mercuryit.com.br\/index.php?rest_route=\/wp\/v2\/pages"}],"about":[{"href":"https:\/\/mercuryit.com.br\/index.php?rest_route=\/wp\/v2\/types\/page"}],"author":[{"embeddable":true,"href":"https:\/\/mercuryit.com.br\/index.php?rest_route=\/wp\/v2\/users\/1"}],"replies":[{"embeddable":true,"href":"https:\/\/mercuryit.com.br\/index.php?rest_route=%2Fwp%2Fv2%2Fcomments&post=221"}],"version-history":[{"count":49,"href":"https:\/\/mercuryit.com.br\/index.php?rest_route=\/wp\/v2\/pages\/221\/revisions"}],"predecessor-version":[{"id":981,"href":"https:\/\/mercuryit.com.br\/index.php?rest_route=\/wp\/v2\/pages\/221\/revisions\/981"}],"wp:attachment":[{"href":"https:\/\/mercuryit.com.br\/index.php?rest_route=%2Fwp%2Fv2%2Fmedia&parent=221"}],"curies":[{"name":"wp","href":"https:\/\/api.w.org\/{rel}","templated":true}]}}