{"id":455,"date":"2024-12-11T08:25:02","date_gmt":"2024-12-11T11:25:02","guid":{"rendered":"https:\/\/mercuryit.com.br\/?page_id=455"},"modified":"2025-07-16T06:53:05","modified_gmt":"2025-07-16T09:53:05","slug":"rpa","status":"publish","type":"page","link":"https:\/\/mercuryit.com.br\/?page_id=455","title":{"rendered":"RPA"},"content":{"rendered":"<style>.elementor-455 .elementor-element.elementor-element-28a01fd{--display:flex;--min-height:400px;--flex-direction:row;--container-widget-width:initial;--container-widget-height:100%;--container-widget-flex-grow:1;--container-widget-align-self:stretch;--flex-wrap-mobile:wrap;--gap:0px 0px;--row-gap:0px;--column-gap:0px;--overlay-opacity:0.5;--margin-top:0px;--margin-bottom:0px;--margin-left:0px;--margin-right:0px;--padding-top:100px;--padding-bottom:100px;--padding-left:0px;--padding-right:0px;}.elementor-455 .elementor-element.elementor-element-28a01fd:not(.elementor-motion-effects-element-type-background), .elementor-455 .elementor-element.elementor-element-28a01fd > .elementor-motion-effects-container > .elementor-motion-effects-layer{background-color:var( --e-global-color-primary );}.elementor-455 .elementor-element.elementor-element-28a01fd::before, .elementor-455 .elementor-element.elementor-element-28a01fd > .elementor-background-video-container::before, .elementor-455 .elementor-element.elementor-element-28a01fd > .e-con-inner > .elementor-background-video-container::before, .elementor-455 .elementor-element.elementor-element-28a01fd > .elementor-background-slideshow::before, .elementor-455 .elementor-element.elementor-element-28a01fd > .e-con-inner > .elementor-background-slideshow::before, .elementor-455 .elementor-element.elementor-element-28a01fd > .elementor-motion-effects-container > .elementor-motion-effects-layer::before{background-image:url(\"https:\/\/mercuryit.com.br\/wp-content\/uploads\/2024\/11\/12446.jpg\");--background-overlay:'';}.elementor-455 .elementor-element.elementor-element-b31109e{--display:flex;--flex-direction:column;--container-widget-width:100%;--container-widget-height:initial;--container-widget-flex-grow:0;--container-widget-align-self:initial;--flex-wrap-mobile:wrap;--justify-content:center;--gap:0px 0px;--row-gap:0px;--column-gap:0px;--margin-top:0px;--margin-bottom:0px;--margin-left:0px;--margin-right:0px;--padding-top:0px;--padding-bottom:0px;--padding-left:0px;--padding-right:0px;}.elementor-455 .elementor-element.elementor-element-0bcd812 > .elementor-widget-container{margin:0px 0px 0px 0px;padding:0px 250px 0px 250px;}.elementor-455 .elementor-element.elementor-element-0bcd812 .jeg-elementor-kit.jkit-heading{text-align:center;}.elementor-455 .elementor-element.elementor-element-0bcd812 .jeg-elementor-kit.jkit-heading .heading-title{font-family:var( --e-global-typography-a35825e-font-family ), Sans-serif;font-size:var( --e-global-typography-a35825e-font-size );font-weight:var( --e-global-typography-a35825e-font-weight );text-transform:var( --e-global-typography-a35825e-text-transform );text-decoration:var( --e-global-typography-a35825e-text-decoration );line-height:var( --e-global-typography-a35825e-line-height );color:#FFFFFF;}.elementor-455 .elementor-element.elementor-element-0bcd812 .jeg-elementor-kit.jkit-heading .heading-section-title{margin:0px 0px 0px 0px;}.elementor-455 .elementor-element.elementor-element-0bcd812 .jeg-elementor-kit.jkit-heading .heading-section-title .heading-title{padding:0px 0px 0px 0px;border-radius:0px 0px 0px 0px;}.elementor-455 .elementor-element.elementor-element-0bcd812 .jeg-elementor-kit.jkit-heading .heading-title > span{color:var( --e-global-color-primary );font-family:var( --e-global-typography-a35825e-font-family ), Sans-serif;font-size:var( --e-global-typography-a35825e-font-size );font-weight:var( --e-global-typography-a35825e-font-weight );text-transform:var( --e-global-typography-a35825e-text-transform );text-decoration:var( --e-global-typography-a35825e-text-decoration );line-height:var( --e-global-typography-a35825e-line-height );}.elementor-455 .elementor-element.elementor-element-8c90f7f{--display:flex;--flex-direction:row;--container-widget-width:initial;--container-widget-height:100%;--container-widget-flex-grow:1;--container-widget-align-self:stretch;--flex-wrap-mobile:wrap;--gap:0px 0px;--row-gap:0px;--column-gap:0px;--margin-top:0px;--margin-bottom:0px;--margin-left:0px;--margin-right:0px;--padding-top:70px;--padding-bottom:100px;--padding-left:0px;--padding-right:0px;}.elementor-455 .elementor-element.elementor-element-2dbe566{--display:flex;--flex-direction:column;--container-widget-width:100%;--container-widget-height:initial;--container-widget-flex-grow:0;--container-widget-align-self:initial;--flex-wrap-mobile:wrap;--gap:0px 0px;--row-gap:0px;--column-gap:0px;--margin-top:0px;--margin-bottom:0px;--margin-left:0px;--margin-right:0px;--padding-top:0px;--padding-bottom:0px;--padding-left:0px;--padding-right:0px;}.elementor-455 .elementor-element.elementor-element-fe1cecb{width:var( --container-widget-width, 100% );max-width:100%;--container-widget-width:100%;--container-widget-flex-grow:0;}.elementor-455 .elementor-element.elementor-element-fe1cecb > .elementor-widget-container{margin:0px 0px 0px 0px;padding:0px 0px 0px 0px;}.elementor-455 .elementor-element.elementor-element-fe1cecb .jeg-elementor-kit.jkit-heading{text-align:left;}.elementor-455 .elementor-element.elementor-element-fe1cecb .jeg-elementor-kit.jkit-heading .heading-title{font-family:\"Lato\", Sans-serif;font-size:52px;font-weight:700;text-transform:none;text-decoration:none;line-height:52px;color:var( --e-global-color-secondary );}.elementor-455 .elementor-element.elementor-element-fe1cecb .jeg-elementor-kit.jkit-heading .heading-section-title{margin:0px 0px 0px 0px;}.elementor-455 .elementor-element.elementor-element-fe1cecb .jeg-elementor-kit.jkit-heading .heading-section-title .heading-title{padding:0px 0px 0px 0px;border-radius:0px 0px 0px 0px;}.elementor-455 .elementor-element.elementor-element-fe1cecb .jeg-elementor-kit.jkit-heading .heading-title > span{color:var( --e-global-color-primary );font-family:var( --e-global-typography-5181313-font-family ), Sans-serif;font-size:var( --e-global-typography-5181313-font-size );font-weight:var( --e-global-typography-5181313-font-weight );text-transform:var( --e-global-typography-5181313-text-transform );text-decoration:var( --e-global-typography-5181313-text-decoration );line-height:var( --e-global-typography-5181313-line-height );padding:0px 0px 0px 0px;}.elementor-455 .elementor-element.elementor-element-7cdda15 > .elementor-widget-container{margin:0px 0px 0px 0px;padding:0px 100px 0px 0px;}.elementor-455 .elementor-element.elementor-element-7cdda15{text-align:left;}.elementor-455 .elementor-element.elementor-element-e7dca43 .jeg-elementor-kit.jkit-button .jkit-button-wrapper{background-color:#9B0E1F;padding:15px 37px 15px 37px;font-family:\"Lato\", Sans-serif;font-size:18px;font-weight:500;text-decoration:none;line-height:21px;color:#FFFFFF;border-style:solid;border-width:1px 1px 1px 1px;border-color:var( --e-global-color-accent );border-radius:10px 10px 10px 10px;}.elementor-455 .elementor-element.elementor-element-e7dca43 .jeg-elementor-kit.jkit-button .jkit-button-wrapper:not(.hover-gradient):hover, .elementor-455 .elementor-element.elementor-element-e7dca43 .jeg-elementor-kit.jkit-button .jkit-button-wrapper.hover-gradient:before{background-color:#68642800;}.elementor-455 .elementor-element.elementor-element-e7dca43 > .elementor-widget-container{margin:25px 0px 0px 0px;padding:0px 0px 0px 0px;}.elementor-455 .elementor-element.elementor-element-e7dca43 .jeg-elementor-kit.jkit-button{text-align:left;}.elementor-455 .elementor-element.elementor-element-e7dca43 .jeg-elementor-kit.jkit-button .jkit-button-wrapper svg{fill:#FFFFFF;}.elementor-455 .elementor-element.elementor-element-e7dca43 .jeg-elementor-kit.jkit-button .jkit-button-wrapper:hover{color:var( --e-global-color-secondary );border-style:solid;border-width:1px 1px 1px 1px;border-color:var( --e-global-color-secondary );border-radius:10px 10px 10px 10px;}.elementor-455 .elementor-element.elementor-element-e7dca43 .jeg-elementor-kit.jkit-button .jkit-button-wrapper:hover svg{fill:var( --e-global-color-secondary );}.elementor-455 .elementor-element.elementor-element-e7dca43 .jeg-elementor-kit.jkit-button.icon-position-before .jkit-button-wrapper i, .elementor-455 .elementor-element.elementor-element-e7dca43 .jeg-elementor-kit.jkit-button.icon-position-before .jkit-button-wrapper svg{margin-right:5px;}.elementor-455 .elementor-element.elementor-element-e7dca43 .jeg-elementor-kit.jkit-button.icon-position-after .jkit-button-wrapper i, .elementor-455 .elementor-element.elementor-element-e7dca43 .jeg-elementor-kit.jkit-button.icon-position-after .jkit-button-wrapper svg{margin-left:5px;}.elementor-455 .elementor-element.elementor-element-3eb7ede{--display:flex;--flex-direction:column;--container-widget-width:100%;--container-widget-height:initial;--container-widget-flex-grow:0;--container-widget-align-self:initial;--flex-wrap-mobile:wrap;--justify-content:center;--gap:0px 0px;--row-gap:0px;--column-gap:0px;--margin-top:0px;--margin-bottom:0px;--margin-left:0px;--margin-right:0px;--padding-top:0px;--padding-bottom:0px;--padding-left:20px;--padding-right:0px;}.elementor-455 .elementor-element.elementor-element-3f80bfc > .elementor-widget-container{margin:0px 0px 0px 0px;padding:0px 0px 0px 0px;}.elementor-455 .elementor-element.elementor-element-3f80bfc{text-align:right;}.elementor-455 .elementor-element.elementor-element-3f80bfc img{height:375px;object-fit:cover;object-position:center center;border-radius:12px 12px 12px 12px;}@media(min-width:768px){.elementor-455 .elementor-element.elementor-element-b31109e{--width:100%;}.elementor-455 .elementor-element.elementor-element-2dbe566{--width:68%;}.elementor-455 .elementor-element.elementor-element-3eb7ede{--width:46%;}}@media(max-width:1024px){.elementor-455 .elementor-element.elementor-element-28a01fd{--margin-top:0px;--margin-bottom:0px;--margin-left:0px;--margin-right:0px;--padding-top:70px;--padding-bottom:70px;--padding-left:20px;--padding-right:20px;}.elementor-455 .elementor-element.elementor-element-0bcd812 > .elementor-widget-container{margin:0px 0px 0px 0px;padding:0px 80px 0px 80px;}.elementor-455 .elementor-element.elementor-element-0bcd812 .jeg-elementor-kit.jkit-heading .heading-title{font-size:var( --e-global-typography-a35825e-font-size );line-height:var( --e-global-typography-a35825e-line-height );}.elementor-455 .elementor-element.elementor-element-0bcd812 .jeg-elementor-kit.jkit-heading .heading-title > span{font-size:var( --e-global-typography-a35825e-font-size );line-height:var( --e-global-typography-a35825e-line-height );}.elementor-455 .elementor-element.elementor-element-8c90f7f{--margin-top:0px;--margin-bottom:0px;--margin-left:0px;--margin-right:0px;--padding-top:0px;--padding-bottom:70px;--padding-left:20px;--padding-right:20px;}.elementor-455 .elementor-element.elementor-element-fe1cecb .jeg-elementor-kit.jkit-heading .heading-title{font-size:50px;line-height:62px;}.elementor-455 .elementor-element.elementor-element-fe1cecb .jeg-elementor-kit.jkit-heading .heading-title > span{font-size:var( --e-global-typography-5181313-font-size );line-height:var( --e-global-typography-5181313-line-height );}.elementor-455 .elementor-element.elementor-element-7cdda15 > .elementor-widget-container{margin:0px 0px 0px 0px;padding:0px 0px 0px 0px;}.elementor-455 .elementor-element.elementor-element-e7dca43 > .elementor-widget-container{margin:30px 0px 0px 0px;padding:0px 0px 0px 0px;}.elementor-455 .elementor-element.elementor-element-e7dca43 .jeg-elementor-kit.jkit-button .jkit-button-wrapper{padding:13px 30px 13px 30px;font-size:16px;line-height:19px;}.elementor-455 .elementor-element.elementor-element-3f80bfc > .elementor-widget-container{margin:0px 0px 0px 0px;padding:0px 0px 0px 60px;}}@media(max-width:767px){.elementor-455 .elementor-element.elementor-element-28a01fd{--min-height:220px;--margin-top:0px;--margin-bottom:0px;--margin-left:0px;--margin-right:0px;--padding-top:30px;--padding-bottom:35px;--padding-left:20px;--padding-right:20px;}.elementor-455 .elementor-element.elementor-element-0bcd812 > .elementor-widget-container{padding:0px 0px 0px 0px;}.elementor-455 .elementor-element.elementor-element-0bcd812 .jeg-elementor-kit.jkit-heading .heading-title{font-size:var( --e-global-typography-a35825e-font-size );line-height:var( --e-global-typography-a35825e-line-height );}.elementor-455 .elementor-element.elementor-element-0bcd812 .jeg-elementor-kit.jkit-heading .heading-title > span{font-size:var( --e-global-typography-a35825e-font-size );line-height:var( --e-global-typography-a35825e-line-height );}.elementor-455 .elementor-element.elementor-element-8c90f7f{--flex-direction:row-reverse;--container-widget-width:initial;--container-widget-height:100%;--container-widget-flex-grow:1;--container-widget-align-self:stretch;--flex-wrap-mobile:wrap-reverse;--margin-top:0px;--margin-bottom:0px;--margin-left:0px;--margin-right:0px;--padding-top:0px;--padding-bottom:30px;--padding-left:20px;--padding-right:20px;}.elementor-455 .elementor-element.elementor-element-2dbe566{--padding-top:20px;--padding-bottom:0px;--padding-left:0px;--padding-right:0px;}.elementor-455 .elementor-element.elementor-element-fe1cecb .jeg-elementor-kit.jkit-heading{text-align:left;}.elementor-455 .elementor-element.elementor-element-fe1cecb .jeg-elementor-kit.jkit-heading .heading-title{font-size:35px;line-height:37px;}.elementor-455 .elementor-element.elementor-element-fe1cecb .jeg-elementor-kit.jkit-heading .heading-title > span{font-size:var( --e-global-typography-5181313-font-size );line-height:var( --e-global-typography-5181313-line-height );}.elementor-455 .elementor-element.elementor-element-7cdda15{text-align:left;}.elementor-455 .elementor-element.elementor-element-e7dca43 .jeg-elementor-kit.jkit-button{text-align:left;}.elementor-455 .elementor-element.elementor-element-e7dca43 .jeg-elementor-kit.jkit-button .jkit-button-wrapper{width:100%;padding:13px 30px 13px 30px;font-size:16px;line-height:19px;}.elementor-455 .elementor-element.elementor-element-3eb7ede{--margin-top:50px;--margin-bottom:0px;--margin-left:0px;--margin-right:0px;--padding-top:0px;--padding-bottom:0px;--padding-left:0px;--padding-right:0px;}.elementor-455 .elementor-element.elementor-element-3f80bfc > .elementor-widget-container{padding:0px 0px 0px 0px;}}<\/style>\t\t<div data-elementor-type=\"wp-page\" data-elementor-id=\"455\" class=\"elementor elementor-455\" data-elementor-settings=\"{&quot;ha_cmc_init_switcher&quot;:&quot;no&quot;}\" data-elementor-post-type=\"page\">\n\t\t\t\t<div class=\"elementor-element elementor-element-28a01fd e-flex e-con-boxed e-con e-parent\" data-id=\"28a01fd\" data-element_type=\"container\" data-settings=\"{&quot;background_background&quot;:&quot;classic&quot;,&quot;_ha_eqh_enable&quot;:false}\">\n\t\t\t\t\t<div class=\"e-con-inner\">\n\t\t<div class=\"elementor-element elementor-element-b31109e e-con-full e-flex e-con e-child\" data-id=\"b31109e\" data-element_type=\"container\" data-settings=\"{&quot;_ha_eqh_enable&quot;:false}\">\n\t\t\t\t<div class=\"elementor-element elementor-element-0bcd812 exad-sticky-section-no exad-glass-effect-no elementor-widget elementor-widget-jkit_heading\" data-id=\"0bcd812\" data-element_type=\"widget\" data-widget_type=\"jkit_heading.default\">\n\t\t\t\t<div class=\"elementor-widget-container\">\n\t\t\t\t\t<div  class=\"jeg-elementor-kit jkit-heading  align-center align-tablet- align-mobile- jeg_module___69eb4d15108f0\" ><div class=\"heading-section-title  display-inline-block\"><h2 class=\"heading-title\">RPA<\/h2><\/div><\/div>\t\t\t\t<\/div>\n\t\t\t\t<\/div>\n\t\t\t\t<\/div>\n\t\t\t\t\t<\/div>\n\t\t\t\t<\/div>\n\t\t<div class=\"elementor-element elementor-element-8c90f7f e-flex e-con-boxed e-con e-parent\" data-id=\"8c90f7f\" data-element_type=\"container\" data-settings=\"{&quot;_ha_eqh_enable&quot;:false}\">\n\t\t\t\t\t<div class=\"e-con-inner\">\n\t\t<div class=\"elementor-element elementor-element-2dbe566 e-con-full e-flex e-con e-child\" data-id=\"2dbe566\" data-element_type=\"container\" data-settings=\"{&quot;_ha_eqh_enable&quot;:false}\">\n\t\t\t\t<div class=\"elementor-element elementor-element-fe1cecb elementor-widget__width-initial exad-sticky-section-no exad-glass-effect-no elementor-widget elementor-widget-jkit_heading\" data-id=\"fe1cecb\" data-element_type=\"widget\" data-widget_type=\"jkit_heading.default\">\n\t\t\t\t<div class=\"elementor-widget-container\">\n\t\t\t\t\t<div  class=\"jeg-elementor-kit jkit-heading  align- align-tablet- align-mobile-left jeg_module__1_69eb4d1510e0c\" ><div class=\"heading-section-title  display-inline-block\"><h2 class=\"heading-title\">O que \u00e9 RPA e por que sua empresa precisa?<\/h2><\/div><\/div>\t\t\t\t<\/div>\n\t\t\t\t<\/div>\n\t\t\t\t<div class=\"elementor-element elementor-element-7cdda15 exad-sticky-section-no exad-glass-effect-no elementor-widget elementor-widget-text-editor\" data-id=\"7cdda15\" data-element_type=\"widget\" data-widget_type=\"text-editor.default\">\n\t\t\t\t<div class=\"elementor-widget-container\">\n\t\t\t\t\t\t\t\t\tRPA (Robotic Process Automation) \u00e9 a automa\u00e7\u00e3o de processos repetitivos por meio de rob\u00f4s de software, aumentando efici\u00eancia e reduzindo erros operacionais. Os servi\u00e7os incluem\u202fmapeamento e identifica\u00e7\u00e3o de processos automatiz\u00e1veis, desenvolvimento e implanta\u00e7\u00e3o de rob\u00f4s, integra\u00e7\u00e3o com sistemas existentes, treinamento de equipes, suporte, monitoramento e manuten\u00e7\u00e3o das automa\u00e7\u00f5es, al\u00e9m de consultoria para transformar digitalmente fluxos de trabalho rotineiros.\n\t\t\t\t\t\t\t\t<\/div>\n\t\t\t\t<\/div>\n\t\t\t\t<div class=\"elementor-element elementor-element-e7dca43 exad-sticky-section-no exad-glass-effect-no elementor-widget elementor-widget-jkit_button\" data-id=\"e7dca43\" data-element_type=\"widget\" data-widget_type=\"jkit_button.default\">\n\t\t\t\t<div class=\"elementor-widget-container\">\n\t\t\t\t\t<div  class=\"jeg-elementor-kit jkit-button  icon-position-before jeg_module__2_69eb4d151164b\" ><a href=\"https:\/\/mercuryit.com.br\/#contato\" class=\"jkit-button-wrapper\">Entre em contato<\/a><\/div>\t\t\t\t<\/div>\n\t\t\t\t<\/div>\n\t\t\t\t<\/div>\n\t\t<div class=\"elementor-element elementor-element-3eb7ede e-con-full e-flex e-con e-child\" data-id=\"3eb7ede\" data-element_type=\"container\" data-settings=\"{&quot;_ha_eqh_enable&quot;:false}\">\n\t\t\t\t<div class=\"elementor-element elementor-element-3f80bfc exad-sticky-section-no exad-glass-effect-no elementor-widget elementor-widget-image\" data-id=\"3f80bfc\" data-element_type=\"widget\" data-widget_type=\"image.default\">\n\t\t\t\t<div class=\"elementor-widget-container\">\n\t\t\t\t\t\t\t\t\t\t\t\t\t\t\t<img fetchpriority=\"high\" decoding=\"async\" width=\"1000\" height=\"637\" src=\"https:\/\/mercuryit.com.br\/wp-content\/uploads\/2024\/12\/2149311920.jpg\" class=\"elementor-animation-bob attachment-full size-full wp-image-540\" alt=\"\" srcset=\"https:\/\/mercuryit.com.br\/wp-content\/uploads\/2024\/12\/2149311920.jpg 1000w, https:\/\/mercuryit.com.br\/wp-content\/uploads\/2024\/12\/2149311920-300x191.jpg 300w, https:\/\/mercuryit.com.br\/wp-content\/uploads\/2024\/12\/2149311920-768x489.jpg 768w\" sizes=\"(max-width: 1000px) 100vw, 1000px\" \/>\t\t\t\t\t\t\t\t\t\t\t\t\t\t\t<\/div>\n\t\t\t\t<\/div>\n\t\t\t\t<\/div>\n\t\t\t\t\t<\/div>\n\t\t\t\t<\/div>\n\t\t\t\t<\/div>\n\t\t","protected":false},"excerpt":{"rendered":"<p>RPA O que \u00e9 RPA e por que sua empresa precisa? RPA (Robotic Process Automation) \u00e9 a automa\u00e7\u00e3o de processos repetitivos por meio de rob\u00f4s de software, aumentando efici\u00eancia e reduzindo erros operacionais. Os servi\u00e7os incluem\u202fmapeamento e identifica\u00e7\u00e3o de processos automatiz\u00e1veis, desenvolvimento e implanta\u00e7\u00e3o de rob\u00f4s, integra\u00e7\u00e3o com sistemas existentes, treinamento de equipes, suporte, monitoramento [&hellip;]<\/p>\n","protected":false},"author":1,"featured_media":0,"parent":0,"menu_order":0,"comment_status":"closed","ping_status":"closed","template":"elementor_header_footer","meta":{"footnotes":""},"class_list":["post-455","page","type-page","status-publish","hentry"],"_links":{"self":[{"href":"https:\/\/mercuryit.com.br\/index.php?rest_route=\/wp\/v2\/pages\/455","targetHints":{"allow":["GET"]}}],"collection":[{"href":"https:\/\/mercuryit.com.br\/index.php?rest_route=\/wp\/v2\/pages"}],"about":[{"href":"https:\/\/mercuryit.com.br\/index.php?rest_route=\/wp\/v2\/types\/page"}],"author":[{"embeddable":true,"href":"https:\/\/mercuryit.com.br\/index.php?rest_route=\/wp\/v2\/users\/1"}],"replies":[{"embeddable":true,"href":"https:\/\/mercuryit.com.br\/index.php?rest_route=%2Fwp%2Fv2%2Fcomments&post=455"}],"version-history":[{"count":16,"href":"https:\/\/mercuryit.com.br\/index.php?rest_route=\/wp\/v2\/pages\/455\/revisions"}],"predecessor-version":[{"id":996,"href":"https:\/\/mercuryit.com.br\/index.php?rest_route=\/wp\/v2\/pages\/455\/revisions\/996"}],"wp:attachment":[{"href":"https:\/\/mercuryit.com.br\/index.php?rest_route=%2Fwp%2Fv2%2Fmedia&parent=455"}],"curies":[{"name":"wp","href":"https:\/\/api.w.org\/{rel}","templated":true}]}}